{"id":631,"date":"2021-06-01T10:25:39","date_gmt":"2021-06-01T10:25:39","guid":{"rendered":"https:\/\/kamnosestvo-tavcar.com\/it\/?page_id=631"},"modified":"2022-03-22T09:50:13","modified_gmt":"2022-03-22T09:50:13","slug":"darilni-program","status":"publish","type":"page","link":"https:\/\/kamnosestvo-tavcar.com\/it\/darilni-program\/","title":{"rendered":"Programma regalo"},"content":{"rendered":"<p>[et_pb_section fb_built=&#8221;1&#8243; _builder_version=&#8221;4.9.4&#8243; _module_preset=&#8221;default&#8221; background_image=&#8221;https:\/\/kamnosestvo-tavcar.com\/it\/wp-content\/uploads\/2021\/06\/TAVC\u030cAR2536-1-scaled.jpg&#8221; custom_padding=&#8221;200px|||||&#8221;][\/et_pb_section][et_pb_section fb_built=&#8221;1&#8243; _builder_version=&#8221;4.9.1&#8243; _module_preset=&#8221;default&#8221; background_enable_color=&#8221;off&#8221; custom_padding=&#8221;50px||22px|||&#8221;][et_pb_row column_structure=&#8221;3_5,2_5&#8243; _builder_version=&#8221;4.9.1&#8243; _module_preset=&#8221;default&#8221; custom_padding=&#8221;||5px|||&#8221;][et_pb_column type=&#8221;3_5&#8243; _builder_version=&#8221;4.8.1&#8243; _module_preset=&#8221;default&#8221;][et_pb_text _builder_version=&#8221;4.9.1&#8243; _module_preset=&#8221;default&#8221; header_font=&#8221;Roboto|300|||||||&#8221; header_text_align=&#8221;left&#8221; header_text_color=&#8221;#282828&#8243; header_font_size=&#8221;42px&#8221;]<\/p>\n<h1>Programma regalo<\/h1>\n<p>[\/et_pb_text][\/et_pb_column][et_pb_column type=&#8221;2_5&#8243; _builder_version=&#8221;4.8.1&#8243; _module_preset=&#8221;default&#8221;][\/et_pb_column][\/et_pb_row][et_pb_row column_structure=&#8221;1_3,1_3,1_3&#8243; _builder_version=&#8221;4.9.4&#8243; _module_preset=&#8221;default&#8221;][et_pb_column type=&#8221;1_3&#8243; _builder_version=&#8221;4.9.4&#8243; _module_preset=&#8221;default&#8221;][et_pb_image src=&#8221;https:\/\/kamnosestvo-tavcar.com\/it\/wp-content\/uploads\/2021\/06\/TAVC\u030cAR2529-1-scaled.jpg&#8221; title_text=&#8221;TAVC\u030cAR2529 1&#8243; show_in_lightbox=&#8221;on&#8221; _builder_version=&#8221;4.9.10&#8243; _module_preset=&#8221;default&#8221;][\/et_pb_image][et_pb_text _builder_version=&#8221;4.9.10&#8243; _module_preset=&#8221;default&#8221; text_font=&#8221;Roboto|300|||||||&#8221; header_font=&#8221;Roboto|500|||||||&#8221; header_2_font=&#8221;Roboto|300|||||||&#8221; hover_enabled=&#8221;0&#8243; sticky_enabled=&#8221;0&#8243;]<\/p>\n<h2>Porta prosciutto<\/h2>\n<p><strong>Dimensioni<\/strong>: 53x32x15cm<br \/><strong>Lavorazione<\/strong>: Pietra spazzolata<br \/><strong>Prezzo<\/strong>: 140 \u20ac + IVA<br \/><strong>Scopo<\/strong>: Tagliare il prosciutto, molto pratico<\/p>\n<p>[\/et_pb_text][et_pb_button button_url=&#8221;https:\/\/kamnosestvo-tavcar.com\/it\/kontakt-i-povprasevanje\/?produkt=Podstavek%20za%20rezanje%20pr\u0161uta&#8221; button_text=&#8221;Ordina&#8221; _builder_version=&#8221;4.9.10&#8243; _module_preset=&#8221;default&#8221; custom_button=&#8221;on&#8221; button_text_size=&#8221;15px&#8221; hover_enabled=&#8221;0&#8243; sticky_enabled=&#8221;0&#8243;][\/et_pb_button][\/et_pb_column][et_pb_column type=&#8221;1_3&#8243; _builder_version=&#8221;4.9.4&#8243; _module_preset=&#8221;default&#8221;][et_pb_image src=&#8221;https:\/\/kamnosestvo-tavcar.com\/it\/wp-content\/uploads\/2021\/06\/TAVC\u030cAR2593-1-scaled.jpg&#8221; title_text=&#8221;TAVC\u030cAR2593 1&#8243; show_in_lightbox=&#8221;on&#8221; _builder_version=&#8221;4.9.10&#8243; _module_preset=&#8221;default&#8221;][\/et_pb_image][et_pb_text _builder_version=&#8221;4.9.10&#8243; _module_preset=&#8221;default&#8221; text_font=&#8221;Roboto|300|||||||&#8221; header_font=&#8221;Roboto|500|||||||&#8221; header_2_font=&#8221;Roboto|300|||||||&#8221; hover_enabled=&#8221;0&#8243; sticky_enabled=&#8221;0&#8243;]<\/p>\n<h2>Piatto di pietra a forma di ellisse<\/h2>\n<p><strong>Dimensioni<\/strong>: 40x25x3<br \/><strong>Lavorazione<\/strong>: smerigliato<br \/><strong>Prezzo<\/strong>: 75 \u20ac + IVA<br \/><strong>Scopo<\/strong>: frutta, carne secca, piccoli dolci &#8211; petit fours<\/p>\n<p>[\/et_pb_text][et_pb_button button_url=&#8221;https:\/\/kamnosestvo-tavcar.com\/it\/kontakt-i-povprasevanje\/?produkt=Okrogel%20kamniti%20pladenj&#8221; button_text=&#8221;Ordina&#8221; _builder_version=&#8221;4.9.10&#8243; _module_preset=&#8221;default&#8221; custom_button=&#8221;on&#8221; button_text_size=&#8221;15px&#8221; hover_enabled=&#8221;0&#8243; sticky_enabled=&#8221;0&#8243;][\/et_pb_button][\/et_pb_column][et_pb_column type=&#8221;1_3&#8243; _builder_version=&#8221;4.9.4&#8243; _module_preset=&#8221;default&#8221;][et_pb_image src=&#8221;https:\/\/kamnosestvo-tavcar.com\/it\/wp-content\/uploads\/2021\/06\/TAVC\u030cAR2536-1-scaled.jpg&#8221; title_text=&#8221;TAVC\u030cAR2536 1&#8243; show_in_lightbox=&#8221;on&#8221; _builder_version=&#8221;4.9.10&#8243; _module_preset=&#8221;default&#8221;][\/et_pb_image][et_pb_text _builder_version=&#8221;4.9.10&#8243; _module_preset=&#8221;default&#8221; text_font=&#8221;Roboto|300|||||||&#8221; header_font=&#8221;Roboto|500|||||||&#8221; header_2_font=&#8221;Roboto|300|||||||&#8221; hover_enabled=&#8221;0&#8243; sticky_enabled=&#8221;0&#8243;]<\/p>\n<h2>\u00a0Vassoio rotondo in pietra<\/h2>\n<p><strong>Dimensioni<\/strong>: diametro 33 cm, spessore 1 cm<br \/><strong>Lavorazione<\/strong>: Bruciato e spazzolato, possibilit\u00e0 di altra lavorazione <br \/><strong>Prezzo<\/strong>: 35 \u20ac + IVA<br \/><strong>Scopo<\/strong>: torte, salumi, da mettere da parte una pentola bollente\u2026<\/p>\n<p>[\/et_pb_text][et_pb_button button_url=&#8221;https:\/\/kamnosestvo-tavcar.com\/it\/kontakt-i-povprasevanje\/?produkt=Okrogel%20kamniti%20pladenj&#8221; button_text=&#8221;Ordina&#8221; _builder_version=&#8221;4.9.10&#8243; _module_preset=&#8221;default&#8221; custom_button=&#8221;on&#8221; button_text_size=&#8221;15px&#8221; hover_enabled=&#8221;0&#8243; sticky_enabled=&#8221;0&#8243;][\/et_pb_button][\/et_pb_column][\/et_pb_row][et_pb_row column_structure=&#8221;1_3,1_3,1_3&#8243; _builder_version=&#8221;4.9.4&#8243; _module_preset=&#8221;default&#8221;][et_pb_column type=&#8221;1_3&#8243; _builder_version=&#8221;4.9.4&#8243; _module_preset=&#8221;default&#8221;][et_pb_image src=&#8221;https:\/\/kamnosestvo-tavcar.com\/it\/wp-content\/uploads\/2021\/06\/TAVC\u030cAR2575-1-scaled.jpg&#8221; title_text=&#8221;TAVC\u030cAR2575 1&#8243; show_in_lightbox=&#8221;on&#8221; _builder_version=&#8221;4.9.10&#8243; _module_preset=&#8221;default&#8221;][\/et_pb_image][et_pb_text _builder_version=&#8221;4.9.10&#8243; _module_preset=&#8221;default&#8221; text_font=&#8221;Roboto|300|||||||&#8221; header_font=&#8221;Roboto|500|||||||&#8221; header_2_font=&#8221;Roboto|300|||||||&#8221; hover_enabled=&#8221;0&#8243; sticky_enabled=&#8221;0&#8243;]<\/p>\n<h2>Alzata per torta di pietra<\/h2>\n<p><strong>Dimensioni<\/strong>: diametro 33 cm, altezza 6 cm<br \/><strong>Lavorazione<\/strong>: 2 trattamenti possibili <br \/><strong>Prezzo<\/strong>: 70 \u20ac + IVA<\/p>\n<p>[\/et_pb_text][et_pb_button button_url=&#8221;https:\/\/kamnosestvo-tavcar.com\/it\/kontakt-i-povprasevanje\/?produkt=Kamniti%20podstavek%20za%20torto&#8221; button_text=&#8221;Ordina&#8221; _builder_version=&#8221;4.9.10&#8243; _module_preset=&#8221;default&#8221; custom_button=&#8221;on&#8221; button_text_size=&#8221;15px&#8221; hover_enabled=&#8221;0&#8243; sticky_enabled=&#8221;0&#8243;][\/et_pb_button][\/et_pb_column][et_pb_column type=&#8221;1_3&#8243; _builder_version=&#8221;4.9.4&#8243; _module_preset=&#8221;default&#8221;][et_pb_image src=&#8221;https:\/\/kamnosestvo-tavcar.com\/it\/wp-content\/uploads\/2021\/06\/TAVC\u030cAR2642-1-scaled.jpg&#8221; title_text=&#8221;TAVC\u030cAR2642 1&#8243; show_in_lightbox=&#8221;on&#8221; _builder_version=&#8221;4.9.10&#8243; _module_preset=&#8221;default&#8221;][\/et_pb_image][et_pb_text _builder_version=&#8221;4.9.10&#8243; _module_preset=&#8221;default&#8221; text_font=&#8221;Roboto|300|||||||&#8221; header_font=&#8221;Roboto|500|||||||&#8221; header_2_font=&#8221;Roboto|300|||||||&#8221; hover_enabled=&#8221;0&#8243; sticky_enabled=&#8221;0&#8243;]<\/p>\n<h2>Porta sapone<\/h2>\n<p><strong>Dimensioni<\/strong>: 14x8x1cm<br \/><strong>Lavorazione<\/strong>: smerigliato<br \/><strong>Prezzo<\/strong>: 15 \u20ac + IVA<\/p>\n<p>[\/et_pb_text][et_pb_button button_url=&#8221;https:\/\/kamnosestvo-tavcar.com\/it\/kontakt-i-povprasevanje\/?produkt=Podstavek%20za%20milo&#8221; button_text=&#8221;Ordina&#8221; _builder_version=&#8221;4.9.10&#8243; _module_preset=&#8221;default&#8221; custom_button=&#8221;on&#8221; button_text_size=&#8221;15px&#8221; hover_enabled=&#8221;0&#8243; sticky_enabled=&#8221;0&#8243;][\/et_pb_button][\/et_pb_column][et_pb_column type=&#8221;1_3&#8243; _builder_version=&#8221;4.9.4&#8243; _module_preset=&#8221;default&#8221;][et_pb_image src=&#8221;https:\/\/kamnosestvo-tavcar.com\/it\/wp-content\/uploads\/2021\/06\/TAVC\u030cAR2662-1-scaled.jpg&#8221; title_text=&#8221;TAVC\u030cAR2662 1&#8243; show_in_lightbox=&#8221;on&#8221; _builder_version=&#8221;4.9.10&#8243; _module_preset=&#8221;default&#8221;][\/et_pb_image][et_pb_text _builder_version=&#8221;4.9.10&#8243; _module_preset=&#8221;default&#8221; text_font=&#8221;Roboto|300|||||||&#8221; header_font=&#8221;Roboto|500|||||||&#8221; header_2_font=&#8221;Roboto|300|||||||&#8221; hover_enabled=&#8221;0&#8243; sticky_enabled=&#8221;0&#8243;]<\/p>\n<h2>Mortaio e pestello<\/h2>\n<p><strong>Dimensioni<\/strong>: 14 \u00d7 9<br \/><strong>Prezzo<\/strong>: 150 \u20ac + IVA<br \/><strong>Scopo<\/strong>: Per pestare le spezie, preparare il pesto, salse piccanti<\/p>\n<p>[\/et_pb_text][et_pb_button button_url=&#8221;https:\/\/kamnosestvo-tavcar.com\/it\/kontakt-i-povprasevanje\/?produkt=Terilnik&#8221; button_text=&#8221;Ordina&#8221; _builder_version=&#8221;4.9.10&#8243; _module_preset=&#8221;default&#8221; custom_button=&#8221;on&#8221; button_text_size=&#8221;15px&#8221; hover_enabled=&#8221;0&#8243; sticky_enabled=&#8221;0&#8243;][\/et_pb_button][\/et_pb_column][\/et_pb_row][et_pb_row column_structure=&#8221;1_3,1_3,1_3&#8243; _builder_version=&#8221;4.9.4&#8243; _module_preset=&#8221;default&#8221;][et_pb_column type=&#8221;1_3&#8243; _builder_version=&#8221;4.9.4&#8243; _module_preset=&#8221;default&#8221;][et_pb_image src=&#8221;https:\/\/kamnosestvo-tavcar.com\/it\/wp-content\/uploads\/2021\/06\/TAVC\u030cAR2825-scaled.jpg&#8221; title_text=&#8221;TAVC\u030cAR2825&#8243; show_in_lightbox=&#8221;on&#8221; _builder_version=&#8221;4.9.10&#8243; _module_preset=&#8221;default&#8221;][\/et_pb_image][et_pb_text _builder_version=&#8221;4.9.10&#8243; _module_preset=&#8221;default&#8221; text_font=&#8221;Roboto|300|||||||&#8221; header_font=&#8221;Roboto|500|||||||&#8221; header_2_font=&#8221;Roboto|300|||||||&#8221; hover_enabled=&#8221;0&#8243; sticky_enabled=&#8221;0&#8243;]<\/p>\n<h2>Sottobicchieri<\/h2>\n<p><strong>Dimensioni<\/strong>: 7,5 cm, spessore 1 cm<br \/><strong>Lavorazione<\/strong>: Bruciato e spazzolato<br \/><strong>Prezzo<\/strong>: 5 \u20ac \/ pz + IVA<\/p>\n<p>[\/et_pb_text][et_pb_button button_url=&#8221;https:\/\/kamnosestvo-tavcar.com\/it\/kontakt-i-povprasevanje\/?produkt=Podstavki%20za%20kozarce&#8221; button_text=&#8221;Ordina&#8221; _builder_version=&#8221;4.9.10&#8243; _module_preset=&#8221;default&#8221; custom_button=&#8221;on&#8221; button_text_size=&#8221;15px&#8221; hover_enabled=&#8221;0&#8243; sticky_enabled=&#8221;0&#8243;][\/et_pb_button][\/et_pb_column][et_pb_column type=&#8221;1_3&#8243; _builder_version=&#8221;4.9.4&#8243; _module_preset=&#8221;default&#8221;][et_pb_image src=&#8221;https:\/\/kamnosestvo-tavcar.com\/it\/wp-content\/uploads\/2021\/06\/TAVC\u030cAR2642-1-scaled.jpg&#8221; title_text=&#8221;TAVC\u030cAR2642 1&#8243; show_in_lightbox=&#8221;on&#8221; _builder_version=&#8221;4.9.10&#8243; _module_preset=&#8221;default&#8221;][\/et_pb_image][et_pb_text _builder_version=&#8221;4.9.10&#8243; _module_preset=&#8221;default&#8221; text_font=&#8221;Roboto|300|||||||&#8221; header_font=&#8221;Roboto|500|||||||&#8221; header_2_font=&#8221;Roboto|300|||||||&#8221; hover_enabled=&#8221;0&#8243; sticky_enabled=&#8221;0&#8243;]<\/p>\n<h2>Portacandele<\/h2>\n<p><strong>Dimensioni<\/strong>: 47x12x2<br \/><strong>Lavorazione<\/strong>: piallato<br \/><strong>Prezzo<\/strong>: 35 \u20ac + IVA<\/p>\n<p>[\/et_pb_text][et_pb_button button_url=&#8221;https:\/\/kamnosestvo-tavcar.com\/it\/kontakt-i-povprasevanje\/?produkt=Podstavek%20za%20\u010dajne%20sve\u010dke&#8221; button_text=&#8221;Ordina&#8221; _builder_version=&#8221;4.9.10&#8243; _module_preset=&#8221;default&#8221; custom_button=&#8221;on&#8221; button_text_size=&#8221;15px&#8221; hover_enabled=&#8221;0&#8243; sticky_enabled=&#8221;0&#8243;][\/et_pb_button][\/et_pb_column][et_pb_column type=&#8221;1_3&#8243; _builder_version=&#8221;4.9.4&#8243; _module_preset=&#8221;default&#8221;][\/et_pb_column][\/et_pb_row][\/et_pb_section]<\/p>\n","protected":false},"excerpt":{"rendered":"<p>Dru\u017eina Tav\u010dar smo leta 1994 v svoje roke prevzeli 200 let star kamnolom Debela gri\u017ea, ki je po dolgih letih samevanja ponovno pri\u010del z aktivnim pridelovanjem repenskega apnenca. <\/p>\n","protected":false},"author":1,"featured_media":626,"parent":0,"menu_order":0,"comment_status":"closed","ping_status":"closed","template":"","meta":{"_et_pb_use_builder":"on","_et_pb_old_content":"","_et_gb_content_width":"","footnotes":""},"class_list":["post-631","page","type-page","status-publish","has-post-thumbnail","hentry"],"_links":{"self":[{"href":"https:\/\/kamnosestvo-tavcar.com\/it\/wp-json\/wp\/v2\/pages\/631","targetHints":{"allow":["GET"]}}],"collection":[{"href":"https:\/\/kamnosestvo-tavcar.com\/it\/wp-json\/wp\/v2\/pages"}],"about":[{"href":"https:\/\/kamnosestvo-tavcar.com\/it\/wp-json\/wp\/v2\/types\/page"}],"author":[{"embeddable":true,"href":"https:\/\/kamnosestvo-tavcar.com\/it\/wp-json\/wp\/v2\/users\/1"}],"replies":[{"embeddable":true,"href":"https:\/\/kamnosestvo-tavcar.com\/it\/wp-json\/wp\/v2\/comments?post=631"}],"version-history":[{"count":13,"href":"https:\/\/kamnosestvo-tavcar.com\/it\/wp-json\/wp\/v2\/pages\/631\/revisions"}],"predecessor-version":[{"id":773,"href":"https:\/\/kamnosestvo-tavcar.com\/it\/wp-json\/wp\/v2\/pages\/631\/revisions\/773"}],"wp:featuredmedia":[{"embeddable":true,"href":"https:\/\/kamnosestvo-tavcar.com\/it\/wp-json\/wp\/v2\/media\/626"}],"wp:attachment":[{"href":"https:\/\/kamnosestvo-tavcar.com\/it\/wp-json\/wp\/v2\/media?parent=631"}],"curies":[{"name":"wp","href":"https:\/\/api.w.org\/{rel}","templated":true}]}}