{"id":320,"date":"2021-03-16T17:14:31","date_gmt":"2021-03-16T17:14:31","guid":{"rendered":"https:\/\/kamnosestvo-tavcar.com\/it\/?page_id=320"},"modified":"2022-03-22T09:49:25","modified_gmt":"2022-03-22T09:49:25","slug":"kamen-repen-povir","status":"publish","type":"page","link":"https:\/\/kamnosestvo-tavcar.com\/it\/kamen-repen-povir\/","title":{"rendered":"La pietra Repen Povir"},"content":{"rendered":"<p>[et_pb_section fb_built=&#8221;1&#8243; _builder_version=&#8221;4.9.4&#8243; _module_preset=&#8221;default&#8221; background_image=&#8221;https:\/\/kamnosestvo-tavcar.com\/it\/wp-content\/uploads\/2021\/04\/Screenshot-2021-04-30-at-16.14.35.png&#8221; min_height=&#8221;500px&#8221; custom_padding=&#8221;200px|||||&#8221;][\/et_pb_section][et_pb_section fb_built=&#8221;1&#8243; _builder_version=&#8221;4.9.1&#8243; _module_preset=&#8221;default&#8221; background_enable_color=&#8221;off&#8221; custom_padding=&#8221;50px||22px|||&#8221;][et_pb_row _builder_version=&#8221;4.9.1&#8243; _module_preset=&#8221;default&#8221; custom_padding=&#8221;||5px|||&#8221;][et_pb_column type=&#8221;4_4&#8243; _builder_version=&#8221;4.8.1&#8243; _module_preset=&#8221;default&#8221;][et_pb_text _builder_version=&#8221;4.9.1&#8243; _module_preset=&#8221;default&#8221; header_font=&#8221;Roboto|300|||||||&#8221; header_text_align=&#8221;left&#8221; header_text_color=&#8221;#282828&#8243; header_font_size=&#8221;42px&#8221;]<\/p>\n<h1>La pietra Repen Povir<\/h1>\n<p>[\/et_pb_text][\/et_pb_column][\/et_pb_row][et_pb_row column_structure=&#8221;1_2,1_2&#8243; _builder_version=&#8221;4.9.1&#8243; _module_preset=&#8221;default&#8221; custom_padding=&#8221;||80px|||&#8221;][et_pb_column type=&#8221;1_2&#8243; _builder_version=&#8221;4.9.1&#8243; _module_preset=&#8221;default&#8221;][et_pb_text _builder_version=&#8221;4.9.1&#8243; _module_preset=&#8221;default&#8221; text_font=&#8221;Roboto|300|||||||&#8221; text_text_color=&#8221;#282828&#8243; text_font_size=&#8221;20px&#8221; text_line_height=&#8221;1.8em&#8221;]<\/p>\n<p>La pietra Repen Povir \u00e8 il frutto di terreni carsici resistenti, nata milioni di anni fa nel periodo Cretaceo ed \u00e8 quindi considerata uno dei calcari pi\u00f9 antichi. La sua citt\u00e0 natale \u00e8 il piccolo villaggio carsico di Povir, e per la sua struttura e posizione Repen, i geologi gli hanno dato il nome di &#8220;Pietra Repen Povir&#8221;. Oltre alla sua immensa bellezza, si distingue anche per molte propriet\u00e0 fisico-chimiche uniche: la pietra non assorbe l&#8217;acqua, grazie alla sua struttura \u00e8 splendidamente modellata e la superficie lucida mantiene la sua lucentezza per lungo tempo. Assomiglia al calcare simile a una conchiglia in apparenza e le sue sfumature di grigio completano magnificamente l&#8217;intera scala di colori. Grazie alla sua resistenza al freddo e al caldo (da -50\u02d9C a +50\u02d9C), \u00e8 la scelta perfetta per ambienti esterni.<\/p>\n<p>[\/et_pb_text][\/et_pb_column][et_pb_column type=&#8221;1_2&#8243; _builder_version=&#8221;4.9.1&#8243; _module_preset=&#8221;default&#8221;][et_pb_text _builder_version=&#8221;4.9.1&#8243; _module_preset=&#8221;default&#8221; text_font=&#8221;Roboto|300|||||||&#8221; text_text_color=&#8221;#282828&#8243; text_font_size=&#8221;20px&#8221; text_line_height=&#8221;1.8em&#8221;]<\/p>\n<p>Grazie alla produzione nella nostra cava Povir, possiamo garantire consegne rapide e quantit\u00e0 maggiori. Offriamo una vasta gamma di prodotti di grandi dimensioni &#8211; blocchi di pietra, pietre di grandi dimensioni per il rafforzamento di sponde e muri di sostegno, pietrisco per muratura, pietre di varie dimensioni per pavimenti in pietra, rivestimento di facciate, pietre erte, colonne e mensole, pozzi in pietra e piccoli prodotti per decorare la tua casa o per un regalo unico.<\/p>\n<p>[\/et_pb_text][\/et_pb_column][\/et_pb_row][et_pb_row column_structure=&#8221;1_2,1_2&#8243; use_custom_gutter=&#8221;on&#8221; gutter_width=&#8221;1&#8243; make_equal=&#8221;on&#8221; _builder_version=&#8221;4.9.1&#8243; _module_preset=&#8221;default&#8221; width=&#8221;100%&#8221; max_width=&#8221;2560px&#8221; custom_padding=&#8221;0px||0px|||&#8221;][et_pb_column type=&#8221;1_2&#8243; _builder_version=&#8221;4.9.1&#8243; _module_preset=&#8221;default&#8221; background_image=&#8221;https:\/\/kamnosestvo-tavcar.com\/it\/wp-content\/uploads\/2021\/03\/KT_NIKA_IZBOR1_2020_02_RojcAna-26.jpg&#8221;][et_pb_text _builder_version=&#8221;4.9.1&#8243; _module_preset=&#8221;default&#8221; min_height=&#8221;350px&#8221;][\/et_pb_text][\/et_pb_column][et_pb_column type=&#8221;1_2&#8243; _builder_version=&#8221;4.9.1&#8243; _module_preset=&#8221;default&#8221; background_color=&#8221;#f9f9f9&#8243; custom_padding=&#8221;5%|5%|5%|5%|true|true&#8221;][et_pb_text _builder_version=&#8221;4.9.10&#8243; _module_preset=&#8221;default&#8221; header_font=&#8221;Roboto|300|||||||&#8221; header_text_align=&#8221;left&#8221; header_text_color=&#8221;#282828&#8243; hover_enabled=&#8221;0&#8243; sticky_enabled=&#8221;0&#8243;]<\/p>\n<h1>Lavorazione manuale della pietra Repen Povir<\/h1>\n<p>[\/et_pb_text][et_pb_text _builder_version=&#8221;4.9.1&#8243; _module_preset=&#8221;default&#8221; text_font=&#8221;Roboto|300|||||||&#8221; text_text_color=&#8221;#282828&#8243; text_font_size=&#8221;20px&#8221; text_line_height=&#8221;1.8em&#8221;]<\/p>\n<p>Vogliamo convincere il cliente dell&#8217;eccellenza con ogni prodotto, quindi affrontiamo ogni nuovo ordine con la preparazione del design. Lavoriamo principalmente prodotti a mano &#8211; tavoli e stoviglie in pietra, panche, fontane, serramenti (erte), portali in pietra, colonne, mensole, scale, pavimenti interni, listelli in pietra e pietre lavorate per il rivestimento delle pareti.<\/p>\n<p>[\/et_pb_text][\/et_pb_column][\/et_pb_row][et_pb_row column_structure=&#8221;1_2,1_2&#8243; use_custom_gutter=&#8221;on&#8221; gutter_width=&#8221;1&#8243; make_equal=&#8221;on&#8221; _builder_version=&#8221;4.9.1&#8243; _module_preset=&#8221;default&#8221; width=&#8221;100%&#8221; max_width=&#8221;2560px&#8221; custom_padding=&#8221;0px||0px|||&#8221;][et_pb_column type=&#8221;1_2&#8243; _builder_version=&#8221;4.9.1&#8243; _module_preset=&#8221;default&#8221; background_color=&#8221;#f9f9f9&#8243; custom_padding=&#8221;5%|5%|5%|5%|true|true&#8221;][et_pb_text _builder_version=&#8221;4.9.10&#8243; _module_preset=&#8221;default&#8221; header_font=&#8221;Roboto|300|||||||&#8221; header_text_align=&#8221;left&#8221; header_text_color=&#8221;#282828&#8243; hover_enabled=&#8221;0&#8243; sticky_enabled=&#8221;0&#8243;]<\/p>\n<h1>Lavorazione pietra Repen Povir<\/h1>\n<p>[\/et_pb_text][et_pb_text _builder_version=&#8221;4.9.1&#8243; _module_preset=&#8221;default&#8221; text_font=&#8221;Roboto|300|||||||&#8221; text_text_color=&#8221;#282828&#8243; text_font_size=&#8221;20px&#8221; text_line_height=&#8221;1.8em&#8221;]<\/p>\n<p>Poich\u00e9 la nostra pietra Repen Povir vanta una durata eccezionale, la lavorazione dei prodotti per uso esterno \u00e8 molto varia.<\/p>\n<p>Grazie alla nostra produzione nella cava, si puo anche trovare pietra segata sotto forma di lastre o blocchi pi\u00f9 grandi, che si possono quindi lavorare nella forma desiderata. Offriamo una vasta gamma di pietrisco grossolano per il consolidamento di rilevati e muri di sostegno, la formazione di alvei e corsi d&#8217;acqua. La nostra pietra spezzata \u00e8 adatta per la costruzione di muri carsici. Anche i pavimenti in pietra di serie o su misura per uso interno o esterno possono essere trattati diversamente (sabbiato, intonacato, spazzolato, raschiato, appuntito, cotto o segato). Su richiesta, possiamo anche lavorare i bordi di tutti i rivestimenti in pietra, pareti e facciate.<\/p>\n<p>Sempre pi\u00f9 prodotti della nostra offerta vengono lavorati con una macchina preprogrammata con una buona pre-preparazione, e finiti con le mani diligenti di uno scalpellino, che si assicura che il prodotto sia unico, e che soddisfer\u00e0 a lungo gli occhi soddisfatti dei suoi proprietario.<\/p>\n<p>[\/et_pb_text][\/et_pb_column][et_pb_column type=&#8221;1_2&#8243; _builder_version=&#8221;4.9.1&#8243; _module_preset=&#8221;default&#8221; background_image=&#8221;https:\/\/kamnosestvo-tavcar.com\/it\/wp-content\/uploads\/2021\/03\/KT_NIKA_IZBOR1_2020_02_RojcAna-19-scaled.jpg&#8221;][et_pb_text _builder_version=&#8221;4.9.1&#8243; _module_preset=&#8221;default&#8221; min_height=&#8221;350px&#8221;][\/et_pb_text][\/et_pb_column][\/et_pb_row][\/et_pb_section]<\/p>\n","protected":false},"excerpt":{"rendered":"<p>Kamen Repen Povir je plod trdo\u017eivih kra\u0161kih tal, rojen pred ve\u010d milijoni leti v obdobju krede in zato velja za enega najstarej\u0161ih apnencev. <\/p>\n","protected":false},"author":1,"featured_media":246,"parent":0,"menu_order":0,"comment_status":"closed","ping_status":"closed","template":"","meta":{"_et_pb_use_builder":"on","_et_pb_old_content":"","_et_gb_content_width":"","footnotes":""},"class_list":["post-320","page","type-page","status-publish","has-post-thumbnail","hentry"],"_links":{"self":[{"href":"https:\/\/kamnosestvo-tavcar.com\/it\/wp-json\/wp\/v2\/pages\/320","targetHints":{"allow":["GET"]}}],"collection":[{"href":"https:\/\/kamnosestvo-tavcar.com\/it\/wp-json\/wp\/v2\/pages"}],"about":[{"href":"https:\/\/kamnosestvo-tavcar.com\/it\/wp-json\/wp\/v2\/types\/page"}],"author":[{"embeddable":true,"href":"https:\/\/kamnosestvo-tavcar.com\/it\/wp-json\/wp\/v2\/users\/1"}],"replies":[{"embeddable":true,"href":"https:\/\/kamnosestvo-tavcar.com\/it\/wp-json\/wp\/v2\/comments?post=320"}],"version-history":[{"count":11,"href":"https:\/\/kamnosestvo-tavcar.com\/it\/wp-json\/wp\/v2\/pages\/320\/revisions"}],"predecessor-version":[{"id":771,"href":"https:\/\/kamnosestvo-tavcar.com\/it\/wp-json\/wp\/v2\/pages\/320\/revisions\/771"}],"wp:featuredmedia":[{"embeddable":true,"href":"https:\/\/kamnosestvo-tavcar.com\/it\/wp-json\/wp\/v2\/media\/246"}],"wp:attachment":[{"href":"https:\/\/kamnosestvo-tavcar.com\/it\/wp-json\/wp\/v2\/media?parent=320"}],"curies":[{"name":"wp","href":"https:\/\/api.w.org\/{rel}","templated":true}]}}