{"id":243,"date":"2021-03-15T20:14:18","date_gmt":"2021-03-15T20:14:18","guid":{"rendered":"https:\/\/kamnosestvo-tavcar.com\/it\/?page_id=243"},"modified":"2022-03-22T09:46:05","modified_gmt":"2022-03-22T09:46:05","slug":"o-lokaciji","status":"publish","type":"page","link":"https:\/\/kamnosestvo-tavcar.com\/it\/o-lokaciji\/","title":{"rendered":"La location"},"content":{"rendered":"<p>[et_pb_section fb_built=&#8221;1&#8243; _builder_version=&#8221;4.9.4&#8243; _module_preset=&#8221;default&#8221; background_image=&#8221;https:\/\/kamnosestvo-tavcar.com\/it\/wp-content\/uploads\/2021\/05\/DSC_6094.jpg&#8221; background_position=&#8221;bottom_left&#8221; min_height=&#8221;500px&#8221; custom_padding=&#8221;200px|||||&#8221; height__hover_enabled=&#8221;on|desktop&#8221;][\/et_pb_section][et_pb_section fb_built=&#8221;1&#8243; _builder_version=&#8221;4.9.1&#8243; _module_preset=&#8221;default&#8221; background_enable_color=&#8221;off&#8221; custom_padding=&#8221;50px||22px|||&#8221;][et_pb_row column_structure=&#8221;2_5,3_5&#8243; _builder_version=&#8221;4.9.1&#8243; _module_preset=&#8221;default&#8221; custom_padding=&#8221;||5px|||&#8221;][et_pb_column type=&#8221;2_5&#8243; _builder_version=&#8221;4.8.1&#8243; _module_preset=&#8221;default&#8221;][et_pb_text _builder_version=&#8221;4.9.1&#8243; _module_preset=&#8221;default&#8221; header_font=&#8221;Roboto|300|||||||&#8221; header_text_align=&#8221;left&#8221; header_text_color=&#8221;#282828&#8243; header_font_size=&#8221;42px&#8221;]<\/p>\n<h1>La location<\/h1>\n<p>[\/et_pb_text][\/et_pb_column][et_pb_column type=&#8221;3_5&#8243; _builder_version=&#8221;4.8.1&#8243; _module_preset=&#8221;default&#8221;][\/et_pb_column][\/et_pb_row][et_pb_row column_structure=&#8221;1_2,1_2&#8243; _builder_version=&#8221;4.9.4&#8243; _module_preset=&#8221;default&#8221; custom_padding=&#8221;||80px|||&#8221;][et_pb_column type=&#8221;1_2&#8243; _builder_version=&#8221;4.9.1&#8243; _module_preset=&#8221;default&#8221;][et_pb_text _builder_version=&#8221;4.9.1&#8243; _module_preset=&#8221;default&#8221; text_font=&#8221;Roboto|300|||||||&#8221; text_text_color=&#8221;#282828&#8243; text_font_size=&#8221;20px&#8221; text_line_height=&#8221;1.8em&#8221;]<\/p>\n<p>Carso. Un mondo ricco e diversificato, creato instancabilmente dalla natura nel corso dei secoli, con l&#8217;aiuto delle acque sotterranee e della bora, \u00e8 stato ispirato da un&#8217;unicit\u00e0 che rende impossibile trovarlo altrove. Questa \u00e8 la casa della dura pietra carsica, che nelle sue mille forme accompagna ogni passo e racconta innumerevoli storie, dei lipizzani aggraziati ma capricciosi che scoprono liberamente i vasti pascoli fioriti e delle persone cordiali e sorridenti, legate al luogo con il cuore e con sorrisi solari. Nel Carso, la dura pietra carsica ti accompagna ad ogni passo. \u00c8 radicato nell&#8217;anima del Carso e di ogni persona del luogo. Il Carso racconta migliaia di storie e ispira in migliaia di forme.<\/p>\n<p>[\/et_pb_text][\/et_pb_column][et_pb_column type=&#8221;1_2&#8243; _builder_version=&#8221;4.9.1&#8243; _module_preset=&#8221;default&#8221;][et_pb_text _builder_version=&#8221;4.9.1&#8243; _module_preset=&#8221;default&#8221; text_font=&#8221;Roboto|300|||||||&#8221; text_text_color=&#8221;#282828&#8243; text_font_size=&#8221;20px&#8221; text_line_height=&#8221;1.8em&#8221;]<\/p>\n<p>Si nasconde tra le strade acciottolate di piccoli paesi carsici dove giocano i raggi del sole estivo, muri che nascondono giardini misteriosi, baie carsiche abbandonate, dove riposa nell&#8217;abbraccio di erbe selvatiche, pozzi in cui scorrono acque carsiche e case dove terrano e prosciutto ascoltano le risate della gente del posto. Nel Tagliapietre Tav\u010dar trascorriamo le nostre giornate in compagnia di uno dei calcari pi\u00f9 antichi, la pietra Repen Povir, un esemplare unico che \u00e8 di casa nel nostro piccolo villaggio carsico Povir.<\/p>\n<p>Benvenuti a Carso. Benvenuti a Povir.<\/p>\n<p>[\/et_pb_text][\/et_pb_column][\/et_pb_row][\/et_pb_section][et_pb_section fb_built=&#8221;1&#8243; _builder_version=&#8221;4.9.4&#8243; _module_preset=&#8221;default&#8221; custom_padding=&#8221;0px||3px|||&#8221;][et_pb_row use_custom_gutter=&#8221;on&#8221; gutter_width=&#8221;1&#8243; _builder_version=&#8221;4.9.4&#8243; _module_preset=&#8221;default&#8221; width=&#8221;100%&#8221; max_width=&#8221;2560px&#8221;][et_pb_column type=&#8221;4_4&#8243; _builder_version=&#8221;4.9.4&#8243; _module_preset=&#8221;default&#8221;][et_pb_code _builder_version=&#8221;4.9.4&#8243; _module_preset=&#8221;default&#8221;]<iframe src=\"https:\/\/www.google.com\/maps\/embed?pb=!1m18!1m12!1m3!1d2786.6790091509833!2d13.9326368154267!3d45.69741337910431!2m3!1f0!2f0!3f0!3m2!1i1024!2i768!4f13.1!3m3!1m2!1s0x477b3f018071e47b%3A0xc1b42ff2287670c8!2sPovir%2054b%2C%206210%20Se%C5%BEana%2C%20Slovenija!5e0!3m2!1shr!2str!4v1623074321383!5m2!1shr!2str\" width=\"100%\" height=\"550\" style=\"border:0;\" allowfullscreen=\"\" loading=\"lazy\"><\/iframe>[\/et_pb_code][\/et_pb_column][\/et_pb_row][\/et_pb_section]<\/p>\n","protected":false},"excerpt":{"rendered":"<p>Kras. Bogat in raznolik svet, ki ga je skozi stoletja neutrudno ustvarjala narava ter mu s pomo\u010djo podzemnih voda in burje vdihnila edinstvenost, zaradi katere ga ni mo\u010d najti nikjer drugje.<\/p>\n","protected":false},"author":1,"featured_media":59,"parent":0,"menu_order":0,"comment_status":"closed","ping_status":"closed","template":"","meta":{"_et_pb_use_builder":"on","_et_pb_old_content":"","_et_gb_content_width":"","footnotes":""},"class_list":["post-243","page","type-page","status-publish","has-post-thumbnail","hentry"],"_links":{"self":[{"href":"https:\/\/kamnosestvo-tavcar.com\/it\/wp-json\/wp\/v2\/pages\/243","targetHints":{"allow":["GET"]}}],"collection":[{"href":"https:\/\/kamnosestvo-tavcar.com\/it\/wp-json\/wp\/v2\/pages"}],"about":[{"href":"https:\/\/kamnosestvo-tavcar.com\/it\/wp-json\/wp\/v2\/types\/page"}],"author":[{"embeddable":true,"href":"https:\/\/kamnosestvo-tavcar.com\/it\/wp-json\/wp\/v2\/users\/1"}],"replies":[{"embeddable":true,"href":"https:\/\/kamnosestvo-tavcar.com\/it\/wp-json\/wp\/v2\/comments?post=243"}],"version-history":[{"count":14,"href":"https:\/\/kamnosestvo-tavcar.com\/it\/wp-json\/wp\/v2\/pages\/243\/revisions"}],"predecessor-version":[{"id":767,"href":"https:\/\/kamnosestvo-tavcar.com\/it\/wp-json\/wp\/v2\/pages\/243\/revisions\/767"}],"wp:featuredmedia":[{"embeddable":true,"href":"https:\/\/kamnosestvo-tavcar.com\/it\/wp-json\/wp\/v2\/media\/59"}],"wp:attachment":[{"href":"https:\/\/kamnosestvo-tavcar.com\/it\/wp-json\/wp\/v2\/media?parent=243"}],"curies":[{"name":"wp","href":"https:\/\/api.w.org\/{rel}","templated":true}]}}