{"id":336,"date":"2021-03-16T17:34:01","date_gmt":"2021-03-16T17:34:01","guid":{"rendered":"https:\/\/kamnosestvo-tavcar.com\/en\/?page_id=336"},"modified":"2021-09-13T13:40:08","modified_gmt":"2021-09-13T13:40:08","slug":"reference","status":"publish","type":"page","link":"https:\/\/kamnosestvo-tavcar.com\/en\/reference\/","title":{"rendered":"References"},"content":{"rendered":"<p>[et_pb_section fb_built=&#8221;1&#8243; _builder_version=&#8221;4.9.4&#8243; _module_preset=&#8221;default&#8221; background_image=&#8221;https:\/\/kamnosestvo-tavcar.com\/en\/wp-content\/uploads\/2021\/04\/HIS\u030cAKRASNA17-1-scaled.jpg&#8221; background_position=&#8221;bottom_center&#8221; min_height=&#8221;500px&#8221; custom_padding=&#8221;200px|||||&#8221;][\/et_pb_section][et_pb_section fb_built=&#8221;1&#8243; _builder_version=&#8221;4.9.1&#8243; _module_preset=&#8221;default&#8221; background_enable_color=&#8221;off&#8221; custom_padding=&#8221;50px|0px|22px|||&#8221;][et_pb_row column_structure=&#8221;2_5,3_5&#8243; _builder_version=&#8221;4.9.1&#8243; _module_preset=&#8221;default&#8221; custom_padding=&#8221;||5px|||&#8221;][et_pb_column type=&#8221;2_5&#8243; _builder_version=&#8221;4.8.1&#8243; _module_preset=&#8221;default&#8221;][et_pb_text _builder_version=&#8221;4.9.1&#8243; _module_preset=&#8221;default&#8221; header_font=&#8221;Roboto|300|||||||&#8221; header_text_align=&#8221;left&#8221; header_text_color=&#8221;#282828&#8243; header_font_size=&#8221;42px&#8221;]<\/p>\n<h1>References<\/h1>\n<p>[\/et_pb_text][\/et_pb_column][et_pb_column type=&#8221;3_5&#8243; _builder_version=&#8221;4.8.1&#8243; _module_preset=&#8221;default&#8221;][\/et_pb_column][\/et_pb_row][et_pb_row column_structure=&#8221;1_2,1_4,1_4&#8243; _builder_version=&#8221;4.9.1&#8243; _module_preset=&#8221;default&#8221; custom_padding=&#8221;||80px|||&#8221;][et_pb_column type=&#8221;1_2&#8243; _builder_version=&#8221;4.9.1&#8243; _module_preset=&#8221;default&#8221;][et_pb_text _builder_version=&#8221;4.9.1&#8243; _module_preset=&#8221;default&#8221; text_font=&#8221;Roboto|300|||||||&#8221; text_text_color=&#8221;#282828&#8243; text_font_size=&#8221;20px&#8221; text_line_height=&#8221;1.8em&#8221;]<\/p>\n<p>Kamen Repen Povir is admired in places within the borders of Slovenia and Europe. With every step he becomes more worthy, with every look more proud, with every drop of rain smoother, and with every ray of sunshine warmer. A unique and eternal Stone of world champions.<\/p>\n<p>[\/et_pb_text][et_pb_button button_url=&#8221;https:\/\/kamnosestvo-tavcar.com\/en\/kontakt-i-povprasevanje\/&#8221; button_text=&#8221;Inquiry&#8221; _builder_version=&#8221;4.9.10&#8243; _module_preset=&#8221;default&#8221; custom_button=&#8221;on&#8221; button_text_size=&#8221;14px&#8221; button_font=&#8221;|300|||||||&#8221; hover_enabled=&#8221;0&#8243; sticky_enabled=&#8221;0&#8243;][\/et_pb_button][\/et_pb_column][et_pb_column type=&#8221;1_4&#8243; _builder_version=&#8221;4.9.1&#8243; _module_preset=&#8221;default&#8221;][et_pb_text _builder_version=&#8221;4.9.10&#8243; _module_preset=&#8221;default&#8221; text_font=&#8221;|300|||||||&#8221; header_2_font=&#8221;|300|||||||&#8221; hover_enabled=&#8221;0&#8243; sticky_enabled=&#8221;0&#8243;]<\/p>\n<h2>Satisfied customers:<\/h2>\n<ul>\n<li>Deutsche Bank Milan, Italy<\/li>\n<li>Guerila Wines Petri\u010d, Planina na Vipavskem<\/li>\n<li>Movia Cellar, Gori\u0161ka Brda<\/li>\n<li>T\u2019mbinovi Homestead, Povir<\/li>\n<li>Tmbin\u2019s Barn, Povir<\/li>\n<li>ASA Residence, Dutovlje<\/li>\n<li>House Krasna, Lokev<\/li>\n<li>Wine cellar Ferjan\u010di\u010d, Planina<\/li>\n<li>Apartments Zenja, Dolnje Lezece na Krasu<\/li>\n<\/ul>\n<p>[\/et_pb_text][\/et_pb_column][et_pb_column type=&#8221;1_4&#8243; _builder_version=&#8221;4.9.1&#8243; _module_preset=&#8221;default&#8221;][et_pb_text _builder_version=&#8221;4.9.1&#8243; _module_preset=&#8221;default&#8221; text_font=&#8221;|300|||||||&#8221; header_2_font=&#8221;|300|||||||&#8221;]<\/p>\n<h2><\/h2>\n<ul>\n<li><span style=\"font-size: 14px;\">Hi\u0161a An\u010dka Boutique Hotel, Slovenj Gradec<\/span><\/li>\n<li>Lekarna, Postojna<\/li>\n<li>Vila Bonita, Vipol\u017ee<\/li>\n<li>Vila Vita, Vipol\u017ee<\/li>\n<li>UC Izola<\/li>\n<li>Apartment building Nea Invest, Majcni<\/li>\n<li>Residential house, Vogrsko<\/li>\n<li>Residential house, Vrhpolje<\/li>\n<li>Kri\u017eni\u010d<\/li>\n<\/ul>\n<p>[\/et_pb_text][\/et_pb_column][\/et_pb_row][\/et_pb_section][et_pb_section fb_built=&#8221;1&#8243; fullwidth=&#8221;on&#8221; _builder_version=&#8221;4.9.1&#8243; _module_preset=&#8221;default&#8221;][et_pb_fullwidth_portfolio fullwidth=&#8221;off&#8221; show_date=&#8221;off&#8221; zoom_icon_color=&#8221;#000000&#8243; _builder_version=&#8221;4.9.1&#8243; _module_preset=&#8221;default&#8221;][\/et_pb_fullwidth_portfolio][\/et_pb_section]<\/p>\n","protected":false},"excerpt":{"rendered":"<p>Kamen Repen Povir Kamnose\u0161tva Tav\u010dar ob\u010dudujejo v krajih znotraj meja Slovenije in Evrope. <\/p>\n","protected":false},"author":1,"featured_media":193,"parent":0,"menu_order":0,"comment_status":"closed","ping_status":"closed","template":"","meta":{"_et_pb_use_builder":"on","_et_pb_old_content":"","_et_gb_content_width":"","footnotes":""},"class_list":["post-336","page","type-page","status-publish","has-post-thumbnail","hentry"],"_links":{"self":[{"href":"https:\/\/kamnosestvo-tavcar.com\/en\/wp-json\/wp\/v2\/pages\/336","targetHints":{"allow":["GET"]}}],"collection":[{"href":"https:\/\/kamnosestvo-tavcar.com\/en\/wp-json\/wp\/v2\/pages"}],"about":[{"href":"https:\/\/kamnosestvo-tavcar.com\/en\/wp-json\/wp\/v2\/types\/page"}],"author":[{"embeddable":true,"href":"https:\/\/kamnosestvo-tavcar.com\/en\/wp-json\/wp\/v2\/users\/1"}],"replies":[{"embeddable":true,"href":"https:\/\/kamnosestvo-tavcar.com\/en\/wp-json\/wp\/v2\/comments?post=336"}],"version-history":[{"count":12,"href":"https:\/\/kamnosestvo-tavcar.com\/en\/wp-json\/wp\/v2\/pages\/336\/revisions"}],"predecessor-version":[{"id":737,"href":"https:\/\/kamnosestvo-tavcar.com\/en\/wp-json\/wp\/v2\/pages\/336\/revisions\/737"}],"wp:featuredmedia":[{"embeddable":true,"href":"https:\/\/kamnosestvo-tavcar.com\/en\/wp-json\/wp\/v2\/media\/193"}],"wp:attachment":[{"href":"https:\/\/kamnosestvo-tavcar.com\/en\/wp-json\/wp\/v2\/media?parent=336"}],"curies":[{"name":"wp","href":"https:\/\/api.w.org\/{rel}","templated":true}]}}