{"id":327,"date":"2021-03-16T17:21:41","date_gmt":"2021-03-16T17:21:41","guid":{"rendered":"https:\/\/kamnosestvo-tavcar.com\/en\/?page_id=327"},"modified":"2023-05-12T15:55:25","modified_gmt":"2023-05-12T15:55:25","slug":"redna-ponudba","status":"publish","type":"page","link":"https:\/\/kamnosestvo-tavcar.com\/en\/redna-ponudba\/","title":{"rendered":"Regular offer"},"content":{"rendered":"<p>[et_pb_section fb_built=&#8221;1&#8243; _builder_version=&#8221;4.21.0&#8243; _module_preset=&#8221;default&#8221; background_image=&#8221;https:\/\/kamnosestvo-tavcar.com\/en\/wp-content\/uploads\/2023\/05\/Z6V2088-2.jpg&#8221; background_position=&#8221;bottom_left&#8221; min_height=&#8221;500px&#8221; custom_padding=&#8221;200px|||||&#8221; hover_enabled=&#8221;0&#8243; global_colors_info=&#8221;{}&#8221; title_text=&#8221;_Z6V2088-2&#8243; sticky_enabled=&#8221;0&#8243;][\/et_pb_section][et_pb_section fb_built=&#8221;1&#8243; _builder_version=&#8221;4.16&#8243; _module_preset=&#8221;default&#8221; background_enable_color=&#8221;off&#8221; custom_padding=&#8221;50px||22px|||&#8221; global_colors_info=&#8221;{}&#8221;][et_pb_row _builder_version=&#8221;4.16&#8243; _module_preset=&#8221;default&#8221; custom_padding=&#8221;||5px|||&#8221; global_colors_info=&#8221;{}&#8221;][et_pb_column type=&#8221;4_4&#8243; _builder_version=&#8221;4.16&#8243; _module_preset=&#8221;default&#8221; global_colors_info=&#8221;{}&#8221;][et_pb_text _builder_version=&#8221;4.16&#8243; _module_preset=&#8221;default&#8221; header_font=&#8221;Roboto|300|||||||&#8221; header_text_align=&#8221;left&#8221; header_text_color=&#8221;#282828&#8243; header_font_size=&#8221;42px&#8221; global_colors_info=&#8221;{}&#8221;]<\/p>\n<h1>Regular offer<\/h1>\n<p>[\/et_pb_text][\/et_pb_column][\/et_pb_row][et_pb_row column_structure=&#8221;1_2,1_2&#8243; _builder_version=&#8221;4.16&#8243; _module_preset=&#8221;default&#8221; custom_padding=&#8221;||80px|||&#8221; border_width_bottom=&#8221;1px&#8221; global_colors_info=&#8221;{}&#8221;][et_pb_column type=&#8221;1_2&#8243; _builder_version=&#8221;4.16&#8243; _module_preset=&#8221;default&#8221; global_colors_info=&#8221;{}&#8221;][et_pb_text _builder_version=&#8221;4.16&#8243; _module_preset=&#8221;default&#8221; text_font=&#8221;Roboto|300|||||||&#8221; text_text_color=&#8221;#282828&#8243; text_font_size=&#8221;20px&#8221; text_line_height=&#8221;1.8em&#8221; global_colors_info=&#8221;{}&#8221;]<\/p>\n<p>All products are from our quarry Povir and natural stone Repen Povir, which is an ideal solution for interior and exterior surfaces.<\/p>\n<p>We offer a variety of natural stone treatments &#8211; pointed, brushed, grooved, hand-carved round, bounced stone, ground or polished Repen Povir, machine-carved karst stone.<\/p>\n<p>[\/et_pb_text][\/et_pb_column][et_pb_column type=&#8221;1_2&#8243; _builder_version=&#8221;4.16&#8243; _module_preset=&#8221;default&#8221; global_colors_info=&#8221;{}&#8221;][et_pb_image src=&#8221;https:\/\/kamnosestvo-tavcar.com\/en\/wp-content\/uploads\/2021\/03\/Guerila-Wines13.jpg&#8221; title_text=&#8221;Guerila-Wines13&#8243; _builder_version=&#8221;4.16&#8243; _module_preset=&#8221;default&#8221; global_colors_info=&#8221;{}&#8221;][\/et_pb_image][\/et_pb_column][\/et_pb_row][et_pb_row column_structure=&#8221;1_2,1_2&#8243; _builder_version=&#8221;4.16&#8243; _module_preset=&#8221;default&#8221; custom_padding=&#8221;||80px|||&#8221; global_colors_info=&#8221;{}&#8221;][et_pb_column type=&#8221;1_2&#8243; _builder_version=&#8221;4.16&#8243; _module_preset=&#8221;default&#8221; global_colors_info=&#8221;{}&#8221;][et_pb_text _builder_version=&#8221;4.16&#8243; _module_preset=&#8221;default&#8221; text_font=&#8221;Roboto|300|||||||&#8221; text_text_color=&#8221;#282828&#8243; text_font_size=&#8221;20px&#8221; text_line_height=&#8221;1.8em&#8221; global_colors_info=&#8221;{}&#8221;]<\/p>\n<p><strong>Laying stone, stone floors<\/strong> <strong>&#8211;<\/strong> various thicknesses and sizes: cut, ground, polished floor, stucco floor with straight or reflected edges, scraped or fired floor. For covered rooms, we offer the sale of class II pressure, which belongs to the lower price class.<\/p>\n<p><strong>Stone for cladding &#8211;<\/strong> we offer various stone claddings: stone facade, bunja (width: 12 or 15 cm), floor wall cladding (plinth), crushed stone as a decorative element. Surfaces of stone wall coverings can be sawn, sanded, polished, chipped with straight or reflected edges, chipped &#8211; brushed with straight or reflected edges, reflected, pointed or scraped.<\/p>\n<p><strong>Masonry stone<\/strong> &#8211; we offer three forms of masonry stones:<\/p>\n<ul>\n<li>broken &#8211; suitable for masonry of all types of walls<\/li>\n<li>cuttings suitable for masonry of stone columns or walls from more regular segments,<\/li>\n<li>stones for retaining walls, embankments and embankments.<\/li>\n<\/ul>\n<p><strong>Stone products to order<\/strong> &#8211; we produce all types of stone products according to the customer&#8217;s wishes.<\/p>\n<p>[\/et_pb_text][\/et_pb_column][et_pb_column type=&#8221;1_2&#8243; _builder_version=&#8221;4.16&#8243; _module_preset=&#8221;default&#8221; global_colors_info=&#8221;{}&#8221;][et_pb_text _builder_version=&#8221;4.16&#8243; _module_preset=&#8221;default&#8221; text_font=&#8221;Roboto|300|||||||&#8221; text_text_color=&#8221;#282828&#8243; text_font_size=&#8221;20px&#8221; text_line_height=&#8221;1.8em&#8221; global_colors_info=&#8221;{}&#8221;]<\/p>\n<p><strong>Tombstones<\/strong> &#8211; for more detailed information send us an inquiry.<\/p>\n<p><strong>Stone stairs<\/strong> &#8211; we can make massive or clad stairs of various thicknesses, sizes, shapes and finishes (sawn, sanded, polished, machine or hand-carved, bar-brushed, scraped, hand-pointed, bounced).<\/p>\n<p><strong>Stone troughs<\/strong> &#8211; we can make various stone funnels and troughs that are suitable for interior or exterior surfaces in various finishes. Examples of troughs: round, semicircular, square, with or without drainer.<\/p>\n<p><strong>Stone portals and entrances<\/strong> &#8211; one of the most important elements that will breathe soul into your home or building. At Kamnose\u0161tvo Tav\u010dar we are real experts for them, but since each one is unique, we ask you to send a message with your wishes.<\/p>\n<p><strong>Stone shelves<\/strong> &#8211; We make shelves and cover plates of various shapes, thicknesses and finishes (sawn, sanded, polished, stuccoed, brushed). The front and other side visible parts of the shelves can be flat with picked edges, rounded or bounced, and are also available in various finishes.<\/p>\n<p>[\/et_pb_text][et_pb_button button_url=&#8221;https:\/\/kamnosestvo-tavcar.com\/en\/kontakt-i-povprasevanje\/&#8221; button_text=&#8221;Inquiry&#8221; _builder_version=&#8221;4.16&#8243; _module_preset=&#8221;default&#8221; custom_button=&#8221;on&#8221; button_text_size=&#8221;16px&#8221; button_font=&#8221;|300|||||||&#8221; button_use_icon=&#8221;off&#8221; global_colors_info=&#8221;{}&#8221;][\/et_pb_button][\/et_pb_column][\/et_pb_row][et_pb_row column_structure=&#8221;1_3,1_3,1_3&#8243; use_custom_gutter=&#8221;on&#8221; gutter_width=&#8221;1&#8243; make_equal=&#8221;on&#8221; _builder_version=&#8221;4.16&#8243; _module_preset=&#8221;default&#8221; width=&#8221;100%&#8221; max_width=&#8221;2560px&#8221; global_colors_info=&#8221;{}&#8221;][et_pb_column type=&#8221;1_3&#8243; _builder_version=&#8221;4.16&#8243; _module_preset=&#8221;default&#8221; global_colors_info=&#8221;{}&#8221;][et_pb_image src=&#8221;https:\/\/kamnosestvo-tavcar.com\/en\/wp-content\/uploads\/2021\/03\/Guerila-Wines9.jpg&#8221; title_text=&#8221;Guerila-Wines9&#8243; _builder_version=&#8221;4.16&#8243; _module_preset=&#8221;default&#8221; global_colors_info=&#8221;{}&#8221;][\/et_pb_image][\/et_pb_column][et_pb_column type=&#8221;1_3&#8243; _builder_version=&#8221;4.16&#8243; _module_preset=&#8221;default&#8221; background_image=&#8221;https:\/\/kamnosestvo-tavcar.com\/en\/wp-content\/uploads\/2021\/04\/Copy-of-20-scaled.jpg&#8221; global_colors_info=&#8221;{}&#8221;][\/et_pb_column][et_pb_column type=&#8221;1_3&#8243; _builder_version=&#8221;4.16&#8243; _module_preset=&#8221;default&#8221; global_colors_info=&#8221;{}&#8221;][et_pb_image src=&#8221;https:\/\/kamnosestvo-tavcar.com\/en\/wp-content\/uploads\/2021\/03\/ASA-Residence2.jpg&#8221; title_text=&#8221;ASA Residence2&#8243; _builder_version=&#8221;4.16&#8243; _module_preset=&#8221;default&#8221; global_colors_info=&#8221;{}&#8221;][\/et_pb_image][\/et_pb_column][\/et_pb_row][\/et_pb_section]<\/p>\n","protected":false},"excerpt":{"rendered":"<p>Vsi izdelki so  iz na\u0161ega kamnoloma Povir in iz naravnega kamna Repen Povir, ki je idealna re\u0161itev za notranje in zunanje povr\u0161ine. <\/p>\n","protected":false},"author":1,"featured_media":306,"parent":0,"menu_order":0,"comment_status":"closed","ping_status":"closed","template":"","meta":{"_et_pb_use_builder":"on","_et_pb_old_content":"","_et_gb_content_width":"","footnotes":""},"class_list":["post-327","page","type-page","status-publish","has-post-thumbnail","hentry"],"_links":{"self":[{"href":"https:\/\/kamnosestvo-tavcar.com\/en\/wp-json\/wp\/v2\/pages\/327","targetHints":{"allow":["GET"]}}],"collection":[{"href":"https:\/\/kamnosestvo-tavcar.com\/en\/wp-json\/wp\/v2\/pages"}],"about":[{"href":"https:\/\/kamnosestvo-tavcar.com\/en\/wp-json\/wp\/v2\/types\/page"}],"author":[{"embeddable":true,"href":"https:\/\/kamnosestvo-tavcar.com\/en\/wp-json\/wp\/v2\/users\/1"}],"replies":[{"embeddable":true,"href":"https:\/\/kamnosestvo-tavcar.com\/en\/wp-json\/wp\/v2\/comments?post=327"}],"version-history":[{"count":11,"href":"https:\/\/kamnosestvo-tavcar.com\/en\/wp-json\/wp\/v2\/pages\/327\/revisions"}],"predecessor-version":[{"id":767,"href":"https:\/\/kamnosestvo-tavcar.com\/en\/wp-json\/wp\/v2\/pages\/327\/revisions\/767"}],"wp:featuredmedia":[{"embeddable":true,"href":"https:\/\/kamnosestvo-tavcar.com\/en\/wp-json\/wp\/v2\/media\/306"}],"wp:attachment":[{"href":"https:\/\/kamnosestvo-tavcar.com\/en\/wp-json\/wp\/v2\/media?parent=327"}],"curies":[{"name":"wp","href":"https:\/\/api.w.org\/{rel}","templated":true}]}}