{"id":238,"date":"2021-03-15T20:05:32","date_gmt":"2021-03-15T20:05:32","guid":{"rendered":"https:\/\/kamnosestvo-tavcar.com\/en\/?page_id=238"},"modified":"2023-05-12T15:49:56","modified_gmt":"2023-05-12T15:49:56","slug":"o-druzini","status":"publish","type":"page","link":"https:\/\/kamnosestvo-tavcar.com\/en\/o-druzini\/","title":{"rendered":"About Family"},"content":{"rendered":"<p>[et_pb_section fb_built=&#8221;1&#8243; _builder_version=&#8221;4.16&#8243; _module_preset=&#8221;default&#8221; background_image=&#8221;https:\/\/kamnosestvo-tavcar.com\/en\/wp-content\/uploads\/2021\/03\/Kamnosestvo_Tavcar49.jpg&#8221; background_position=&#8221;bottom_left&#8221; min_height=&#8221;500px&#8221; custom_padding=&#8221;200px|||||&#8221; global_colors_info=&#8221;{}&#8221;][\/et_pb_section][et_pb_section fb_built=&#8221;1&#8243; _builder_version=&#8221;4.16&#8243; _module_preset=&#8221;default&#8221; background_enable_color=&#8221;off&#8221; custom_padding=&#8221;50px||22px|||&#8221; global_colors_info=&#8221;{}&#8221;][et_pb_row column_structure=&#8221;1_2,1_2&#8243; _builder_version=&#8221;4.16&#8243; _module_preset=&#8221;default&#8221; custom_padding=&#8221;||80px|||&#8221; border_width_bottom=&#8221;1px&#8221; global_colors_info=&#8221;{}&#8221;][et_pb_column type=&#8221;1_2&#8243; _builder_version=&#8221;4.16&#8243; _module_preset=&#8221;default&#8221; global_colors_info=&#8221;{}&#8221;][et_pb_text _builder_version=&#8221;4.16&#8243; _module_preset=&#8221;default&#8221; header_font=&#8221;Roboto|300|||||||&#8221; header_text_align=&#8221;left&#8221; header_text_color=&#8221;#282828&#8243; header_font_size=&#8221;42px&#8221; global_colors_info=&#8221;{}&#8221;]<\/p>\n<h1>About family<\/h1>\n<p>[\/et_pb_text][et_pb_text _builder_version=&#8221;4.16&#8243; _module_preset=&#8221;default&#8221; text_font=&#8221;Roboto|300|||||||&#8221; text_text_color=&#8221;#282828&#8243; text_font_size=&#8221;20px&#8221; text_line_height=&#8221;1.8em&#8221; global_colors_info=&#8221;{}&#8221;]<\/p>\n<p>The family business tells the story of the Tav\u010dar family and their love for karst stone. Father Janko, a mechanical technician by training, decided in 1991 to take over the abandoned, 200-year-old Debela gri\u017ea quarry in Povirje and start working with stone. Mother Marija, a graduated engineer, joined her husband&#8217;s initiative without hesitation and together they founded the company Kamnose\u0161tvo Tav\u010dar. The children, daughter Nika and son Miha, shared the love for stone, construction and architecture from the begining. Nika successfully completed study of architecture, while Miha graduaded from mining and geotechnology. With this knowledge, they ensured a successful business path and growth of the family business.\u00a0<\/p>\n<p>[\/et_pb_text][\/et_pb_column][et_pb_column type=&#8221;1_2&#8243; _builder_version=&#8221;4.16&#8243; _module_preset=&#8221;default&#8221; global_colors_info=&#8221;{}&#8221;][et_pb_image src=&#8221;https:\/\/kamnosestvo-tavcar.com\/en\/wp-content\/uploads\/2021\/03\/Screenshot-2021-03-07-at-13.22.57.png&#8221; title_text=&#8221;Screenshot 2021-03-07 at 13.22.57&#8243; _builder_version=&#8221;4.16&#8243; _module_preset=&#8221;default&#8221; global_colors_info=&#8221;{}&#8221;][\/et_pb_image][et_pb_text _builder_version=&#8221;4.16&#8243; _module_preset=&#8221;default&#8221; text_font=&#8221;Roboto|300|||||||&#8221; text_text_color=&#8221;#282828&#8243; text_font_size=&#8221;20px&#8221; text_line_height=&#8221;1.8em&#8221; global_colors_info=&#8221;{}&#8221;]<\/p>\n<p>Miha, who always nurtured his love for horses and became the world champion in the two-team marathon ride with his Lipizzaners, also took on the role of the company&#8217;s director. Since then, together with his sister Nika and loyal team of stonemasons, they have been spreading the word about the unique natural stone Repen Povir and its products around the world. <strong>The stone of world champions.<\/strong><\/p>\n<p>[\/et_pb_text][\/et_pb_column][\/et_pb_row][et_pb_row _builder_version=&#8221;4.16&#8243; _module_preset=&#8221;default&#8221; global_colors_info=&#8221;{}&#8221;][et_pb_column type=&#8221;4_4&#8243; _builder_version=&#8221;4.16&#8243; _module_preset=&#8221;default&#8221; global_colors_info=&#8221;{}&#8221;][et_pb_text _builder_version=&#8221;4.16&#8243; _module_preset=&#8221;default&#8221; header_font=&#8221;Roboto|300|||||||&#8221; header_text_align=&#8221;left&#8221; header_text_color=&#8221;#282828&#8243; header_font_size=&#8221;42px&#8221; global_colors_info=&#8221;{}&#8221;]<\/p>\n<h1>Meet us<\/h1>\n<p>[\/et_pb_text][\/et_pb_column][\/et_pb_row][et_pb_row column_structure=&#8221;1_4,1_4,1_4,1_4&#8243; _builder_version=&#8221;4.16&#8243; _module_preset=&#8221;default&#8221; custom_padding=&#8221;||80px|||&#8221; border_width_bottom=&#8221;1px&#8221; global_colors_info=&#8221;{}&#8221;][et_pb_column type=&#8221;1_4&#8243; _builder_version=&#8221;4.16&#8243; _module_preset=&#8221;default&#8221; global_colors_info=&#8221;{}&#8221;][et_pb_blurb title=&#8221;Janko Tav\u010dar, founder and owner of the company&#8221; image=&#8221;https:\/\/kamnosestvo-tavcar.com\/en\/wp-content\/uploads\/2021\/03\/IMG_0911m.jpg&#8221; _builder_version=&#8221;4.16&#8243; _module_preset=&#8221;default&#8221; header_text_align=&#8221;center&#8221; header_font_size=&#8221;19px&#8221; header_line_height=&#8221;1.4em&#8221; body_font=&#8221;|300|||||||&#8221; text_orientation=&#8221;center&#8221; child_filter_saturate=&#8221;0%&#8221; global_colors_info=&#8221;{}&#8221;]<\/p>\n<p>After countless walks past the abandoned Debela gri\u017ea quarry, where I observed this beautiful natural stone, I decided to take over the quarry. It was the year 1994. I used my knowledge of mechanical engineering in processing and designing the unique Repen Povir stone and founded the company Kamnose\u0161tvo Tav\u010dar.<\/p>\n<p>[\/et_pb_blurb][\/et_pb_column][et_pb_column type=&#8221;1_4&#8243; _builder_version=&#8221;4.16&#8243; _module_preset=&#8221;default&#8221; global_colors_info=&#8221;{}&#8221;][et_pb_blurb title=&#8221;Marija Tav\u010dar, procurator, engineer&#8221; image=&#8221;https:\/\/kamnosestvo-tavcar.com\/en\/wp-content\/uploads\/2021\/03\/IMG_0985m.jpg&#8221; _builder_version=&#8221;4.16&#8243; _module_preset=&#8221;default&#8221; header_text_align=&#8221;center&#8221; header_font_size=&#8221;19px&#8221; header_line_height=&#8221;1.4em&#8221; body_font=&#8221;|300|||||||&#8221; text_orientation=&#8221;center&#8221; child_filter_saturate=&#8221;0%&#8221; global_colors_info=&#8221;{}&#8221;]<\/p>\n<p>As a graduated engineer, the story of karst stone was immediately close to me. I am glad that my husband and I embarked on the story of working with this beautiful stone 35 years ago. Since then we have already beautified so many homes, gardens, important buildings and corners of cities, and above all I am proud that we passed the love for it to our children.<\/p>\n<p>[\/et_pb_blurb][\/et_pb_column][et_pb_column type=&#8221;1_4&#8243; _builder_version=&#8221;4.16&#8243; _module_preset=&#8221;default&#8221; global_colors_info=&#8221;{}&#8221;][et_pb_blurb title=&#8221;Nika Tav\u010dar, procurator, architect&#8221; image=&#8221;https:\/\/kamnosestvo-tavcar.com\/en\/wp-content\/uploads\/2021\/03\/MG_5805.jpg&#8221; _builder_version=&#8221;4.16&#8243; _module_preset=&#8221;default&#8221; header_text_align=&#8221;center&#8221; header_font_size=&#8221;19px&#8221; header_line_height=&#8221;1.4em&#8221; body_font=&#8221;|300|||||||&#8221; text_orientation=&#8221;center&#8221; child_filter_saturate=&#8221;0%&#8221; global_colors_info=&#8221;{}&#8221;]<\/p>\n<p>The love for stone, architecture and construction was already passed on to me in my cradle and I was always proud of my hometown and the family business founded by my parents. Co-creating a story, making important decisions and caring for the successful development and growth of a family business are my daily routines and I am grateful to be able to do what makes me truly happy.<\/p>\n<p>[\/et_pb_blurb][\/et_pb_column][et_pb_column type=&#8221;1_4&#8243; _builder_version=&#8221;4.16&#8243; _module_preset=&#8221;default&#8221; global_colors_info=&#8221;{}&#8221;][et_pb_blurb title=&#8221;Miha Tav\u010dar, CEO,  mining and geotechnology engineer&#8221; image=&#8221;https:\/\/kamnosestvo-tavcar.com\/en\/wp-content\/uploads\/2023\/05\/IMG_4901-2.jpg&#8221; _builder_version=&#8221;4.21.0&#8243; _module_preset=&#8221;default&#8221; header_text_align=&#8221;center&#8221; header_font_size=&#8221;19px&#8221; header_line_height=&#8221;1.4em&#8221; body_font=&#8221;|300|||||||&#8221; text_orientation=&#8221;center&#8221; child_filter_saturate=&#8221;0%&#8221; hover_enabled=&#8221;0&#8243; global_colors_info=&#8221;{}&#8221; title_text=&#8221;IMG_4901 2&#8243; sticky_enabled=&#8221;0&#8243;]<\/p>\n<p>Coexistence with karst nature, a long family tradition and the constant development in processing our stone Repen Povir are main reasons, why I wake up in a good mood every morning. We look forward to each new project as if it were the first, and we are happy to work with clients to satisfy each client as it is the only one.<\/p>\n<p>[\/et_pb_blurb][\/et_pb_column][\/et_pb_row][\/et_pb_section]<\/p>\n","protected":false},"excerpt":{"rendered":"<p>Dobrodo\u0161li na Krasu. Bogatem in raznolikem svetu, ki ga je skozi stoletja neutrudno ustvarjala narava in mu s pomo\u010djo podzemnih voda in burje vdihnila edinstvenost, zaradi katere ga ni mo\u010d najti nikjer drugje. <\/p>\n","protected":false},"author":1,"featured_media":230,"parent":0,"menu_order":0,"comment_status":"closed","ping_status":"closed","template":"","meta":{"_et_pb_use_builder":"on","_et_pb_old_content":"","_et_gb_content_width":"","footnotes":""},"class_list":["post-238","page","type-page","status-publish","has-post-thumbnail","hentry"],"_links":{"self":[{"href":"https:\/\/kamnosestvo-tavcar.com\/en\/wp-json\/wp\/v2\/pages\/238","targetHints":{"allow":["GET"]}}],"collection":[{"href":"https:\/\/kamnosestvo-tavcar.com\/en\/wp-json\/wp\/v2\/pages"}],"about":[{"href":"https:\/\/kamnosestvo-tavcar.com\/en\/wp-json\/wp\/v2\/types\/page"}],"author":[{"embeddable":true,"href":"https:\/\/kamnosestvo-tavcar.com\/en\/wp-json\/wp\/v2\/users\/1"}],"replies":[{"embeddable":true,"href":"https:\/\/kamnosestvo-tavcar.com\/en\/wp-json\/wp\/v2\/comments?post=238"}],"version-history":[{"count":13,"href":"https:\/\/kamnosestvo-tavcar.com\/en\/wp-json\/wp\/v2\/pages\/238\/revisions"}],"predecessor-version":[{"id":765,"href":"https:\/\/kamnosestvo-tavcar.com\/en\/wp-json\/wp\/v2\/pages\/238\/revisions\/765"}],"wp:featuredmedia":[{"embeddable":true,"href":"https:\/\/kamnosestvo-tavcar.com\/en\/wp-json\/wp\/v2\/media\/230"}],"wp:attachment":[{"href":"https:\/\/kamnosestvo-tavcar.com\/en\/wp-json\/wp\/v2\/media?parent=238"}],"curies":[{"name":"wp","href":"https:\/\/api.w.org\/{rel}","templated":true}]}}