{"id":7,"date":"2021-03-02T20:25:28","date_gmt":"2021-03-02T20:25:28","guid":{"rendered":"https:\/\/kamnosestvo-tavcar.com\/de\/?page_id=7"},"modified":"2023-08-22T14:15:26","modified_gmt":"2023-08-22T14:15:26","slug":"homepage","status":"publish","type":"page","link":"https:\/\/kamnosestvo-tavcar.com\/de\/","title":{"rendered":"Homepage"},"content":{"rendered":"<p>[et_pb_section fb_built=&#8221;1&#8243; _builder_version=&#8221;4.21.0&#8243; _module_preset=&#8221;default&#8221; parallax=&#8221;on&#8221; parallax_method=&#8221;off&#8221; custom_padding=&#8221;200px||124px|||&#8221; hover_enabled=&#8221;0&#8243; global_colors_info=&#8221;{}&#8221; background_enable_image=&#8221;off&#8221; title_text=&#8221;kamnolom clip1&#8243; background_video_mp4=&#8221;https:\/\/kamnosestvo-tavcar.com\/de\/wp-content\/uploads\/2023\/08\/kamnolom-clip1.mp4&#8243; sticky_enabled=&#8221;0&#8243;][et_pb_row column_structure=&#8221;1_3,1_3,1_3&#8243; _builder_version=&#8221;4.16&#8243; _module_preset=&#8221;default&#8221; custom_padding=&#8221;93px|||||&#8221; global_colors_info=&#8221;{}&#8221;][et_pb_column type=&#8221;1_3&#8243; _builder_version=&#8221;4.16&#8243; _module_preset=&#8221;default&#8221; global_colors_info=&#8221;{}&#8221;][et_pb_image src=&#8221;https:\/\/kamnosestvo-tavcar.com\/de\/wp-content\/uploads\/2023\/05\/logo-tavcar-bela2.png&#8221; title_text=&#8221;logo-tavcar-bela2&#8243; _builder_version=&#8221;4.21.0&#8243; _module_preset=&#8221;default&#8221; global_colors_info=&#8221;{}&#8221;][\/et_pb_image][\/et_pb_column][et_pb_column type=&#8221;1_3&#8243; _builder_version=&#8221;4.16&#8243; _module_preset=&#8221;default&#8221; global_colors_info=&#8221;{}&#8221;][\/et_pb_column][et_pb_column type=&#8221;1_3&#8243; _builder_version=&#8221;4.16&#8243; _module_preset=&#8221;default&#8221; global_colors_info=&#8221;{}&#8221;][et_pb_text _builder_version=&#8221;4.16&#8243; _module_preset=&#8221;default&#8221; text_font_size=&#8221;33px&#8221; header_font=&#8221;Roboto|300|||||||&#8221; header_2_font=&#8221;Roboto|300|||||||&#8221; header_2_font_size=&#8221;44px&#8221; background_layout=&#8221;dark&#8221; custom_padding=&#8221;47px|||||&#8221; global_colors_info=&#8221;{}&#8221;]<\/p>\n<h2 style=\"text-align: right;\">Top-Produkte aus Naturstein nach Ma\u00df.<\/h2>\n<p>[\/et_pb_text][\/et_pb_column][\/et_pb_row][\/et_pb_section][et_pb_section fb_built=&#8221;1&#8243; _builder_version=&#8221;4.16&#8243; _module_preset=&#8221;default&#8221; background_enable_color=&#8221;off&#8221; custom_padding=&#8221;50px||22px|||&#8221; global_colors_info=&#8221;{}&#8221;][et_pb_row column_structure=&#8221;2_5,3_5&#8243; _builder_version=&#8221;4.16&#8243; _module_preset=&#8221;default&#8221; custom_padding=&#8221;||80px|||&#8221; border_width_bottom=&#8221;1px&#8221; global_colors_info=&#8221;{}&#8221;][et_pb_column type=&#8221;2_5&#8243; _builder_version=&#8221;4.16&#8243; _module_preset=&#8221;default&#8221; global_colors_info=&#8221;{}&#8221;][et_pb_text _builder_version=&#8221;4.16&#8243; _module_preset=&#8221;default&#8221; header_font=&#8221;Roboto|300|||||||&#8221; header_text_align=&#8221;left&#8221; header_text_color=&#8221;#282828&#8243; header_font_size=&#8221;42px&#8221; global_colors_info=&#8221;{}&#8221;]<\/p>\n<h1>Willkommen im Karst.<\/h1>\n<p>[\/et_pb_text][et_pb_text _builder_version=&#8221;4.16&#8243; _module_preset=&#8221;default&#8221; text_font=&#8221;Roboto|300|||||||&#8221; text_text_color=&#8221;#282828&#8243; text_font_size=&#8221;20px&#8221; text_line_height=&#8221;1.8em&#8221; global_colors_info=&#8221;{}&#8221;]<\/p>\n<p>Eine reiche und vielf\u00e4ltige Welt, die schon seit Jahrhunderten unerm\u00fcdlich von der Natur erschaffen wird und mit Hilfe des Grundwassers und der Bora ihre Einzigartigkeit erh\u00e4lt. Daher ist sie auch nirgendwo anders zu finden. Sie ist das Heim des robusten Karststeins, der grazi\u00f6sen und temperamentvollen Lipizzaner sowie der Steinmetzerei Tav\u010dar, wo die Tradition der Gestaltung des einzigartigen Karststeins (Repen-Povir-Kalksteins) und der Z\u00fcchtung der weltber\u00fchmten Lipizzaner schon seit Generationen durch das Blut der Familie flie\u00dft.<\/p>\n<p>[\/et_pb_text][\/et_pb_column][et_pb_column type=&#8221;3_5&#8243; _builder_version=&#8221;4.16&#8243; _module_preset=&#8221;default&#8221; global_colors_info=&#8221;{}&#8221;][et_pb_image src=&#8221;https:\/\/kamnosestvo-tavcar.com\/de\/wp-content\/uploads\/2021\/03\/Screenshot-2021-03-11-at-23.41.43.png&#8221; title_text=&#8221;Screenshot 2021-03-11 at 23.41.43&#8243; _builder_version=&#8221;4.16&#8243; _module_preset=&#8221;default&#8221; global_colors_info=&#8221;{}&#8221;][\/et_pb_image][\/et_pb_column][\/et_pb_row][\/et_pb_section][et_pb_section fb_built=&#8221;1&#8243; _builder_version=&#8221;4.16&#8243; _module_preset=&#8221;default&#8221; custom_padding=&#8221;0px||33px|||&#8221; global_colors_info=&#8221;{}&#8221;][et_pb_row column_structure=&#8221;3_5,2_5&#8243; _builder_version=&#8221;4.16&#8243; _module_preset=&#8221;default&#8221; global_colors_info=&#8221;{}&#8221;][et_pb_column type=&#8221;3_5&#8243; _builder_version=&#8221;4.16&#8243; _module_preset=&#8221;default&#8221; global_colors_info=&#8221;{}&#8221;][et_pb_text _builder_version=&#8221;4.16&#8243; _module_preset=&#8221;default&#8221; header_font=&#8221;Roboto|300|||||||&#8221; header_text_align=&#8221;left&#8221; header_text_color=&#8221;#282828&#8243; header_font_size=&#8221;42px&#8221; global_colors_info=&#8221;{}&#8221;]<\/p>\n<h1>Zufriedene Kunden<\/h1>\n<p>[\/et_pb_text][\/et_pb_column][et_pb_column type=&#8221;2_5&#8243; _builder_version=&#8221;4.16&#8243; _module_preset=&#8221;default&#8221; global_colors_info=&#8221;{}&#8221;][et_pb_button button_url=&#8221;https:\/\/kamnosestvo-tavcar.com\/de\/reference\/&#8221; button_text=&#8221;Alles&#8221; button_alignment=&#8221;right&#8221; _builder_version=&#8221;4.16&#8243; _module_preset=&#8221;default&#8221; custom_button=&#8221;on&#8221; button_text_size=&#8221;14px&#8221; global_colors_info=&#8221;{}&#8221;][\/et_pb_button][\/et_pb_column][\/et_pb_row][\/et_pb_section][et_pb_section fb_built=&#8221;1&#8243; fullwidth=&#8221;on&#8221; _builder_version=&#8221;4.16&#8243; _module_preset=&#8221;default&#8221; global_colors_info=&#8221;{}&#8221;][et_pb_fullwidth_portfolio posts_number=&#8221;4&#8243; show_date=&#8221;off&#8221; zoom_icon_color=&#8221;#000000&#8243; hover_overlay_color=&#8221;rgba(0,0,0,0.31)&#8221; _builder_version=&#8221;4.16&#8243; _module_preset=&#8221;default&#8221; title_text_color=&#8221;#FFFFFF&#8221; module_alignment=&#8221;center&#8221; global_colors_info=&#8221;{}&#8221;][\/et_pb_fullwidth_portfolio][\/et_pb_section][et_pb_section fb_built=&#8221;1&#8243; _builder_version=&#8221;4.16&#8243; _module_preset=&#8221;default&#8221; custom_padding=&#8221;||23px|||&#8221; global_colors_info=&#8221;{}&#8221;][et_pb_row column_structure=&#8221;1_5,3_5,1_5&#8243; _builder_version=&#8221;4.16&#8243; _module_preset=&#8221;default&#8221; global_colors_info=&#8221;{}&#8221;][et_pb_column type=&#8221;1_5&#8243; _builder_version=&#8221;4.16&#8243; _module_preset=&#8221;default&#8221; global_colors_info=&#8221;{}&#8221;][\/et_pb_column][et_pb_column type=&#8221;3_5&#8243; _builder_version=&#8221;4.16&#8243; _module_preset=&#8221;default&#8221; global_colors_info=&#8221;{}&#8221;][et_pb_text _builder_version=&#8221;4.16&#8243; _module_preset=&#8221;default&#8221; text_font=&#8221;Roboto|300|||||||&#8221; text_text_color=&#8221;#282828&#8243; text_font_size=&#8221;20px&#8221; text_line_height=&#8221;1.8em&#8221; global_colors_info=&#8221;{}&#8221;]<\/p>\n<p style=\"text-align: center;\">Vor sechs Jahren haben wir uns entschieden, das alte Anwesen zu renovieren, das wir in ein Boutique-Hotel Hi\u0161a Krasna umgewandelt haben. Wir hatten eine klare Vision von dem, was wir wollen, und wir wussten, dass der Karststein der Hauptstar der Renovierung sein wird. Der Steinmetzbetrieb Tav\u010dar war die richtige Wahl, weil sie unsere Ideen v\u00f6llig verstanden haben, unseren W\u00fcnschen entgegenkamen und vor allem mit uns die Liebe zum Karststein teilten. Da der Steinmetzbetrieb \u00fcber einen eigenen Steinbruch verf\u00fcgt, erfolgte die Lieferung der gro\u00dfen Mengen des einzigartigen Repen-Povir-Steins schnell und das ganze Projekt wurde zu den vereinbarten Fristen fertiggestellt, was bei Bau- und Renovierungsarbeiten nur selten gelingt. Danke an das Team Tav\u010dar.<\/p>\n<p style=\"text-align: center;\">Dajana und Boris \u0160kibin, Inhaber des Hi\u0161a Krasna<\/p>\n<p style=\"text-align: right;\">\n<p>[\/et_pb_text][\/et_pb_column][et_pb_column type=&#8221;1_5&#8243; _builder_version=&#8221;4.16&#8243; _module_preset=&#8221;default&#8221; global_colors_info=&#8221;{}&#8221;][\/et_pb_column][\/et_pb_row][et_pb_row column_structure=&#8221;1_3,1_3,1_3&#8243; use_custom_gutter=&#8221;on&#8221; gutter_width=&#8221;1&#8243; make_equal=&#8221;on&#8221; _builder_version=&#8221;4.16&#8243; _module_preset=&#8221;default&#8221; width=&#8221;100%&#8221; max_width=&#8221;2560px&#8221; custom_margin=&#8221;|auto|-24px|auto||&#8221; custom_padding=&#8221;||0px|||&#8221; global_colors_info=&#8221;{}&#8221;][et_pb_column type=&#8221;1_3&#8243; _builder_version=&#8221;4.16&#8243; _module_preset=&#8221;default&#8221; global_colors_info=&#8221;{}&#8221;][et_pb_image src=&#8221;https:\/\/kamnosestvo-tavcar.com\/de\/wp-content\/uploads\/2021\/04\/HIS\u030cAKRASNA17.jpg&#8221; title_text=&#8221;HIS\u030cAKRASNA17&#8243; _builder_version=&#8221;4.16&#8243; _module_preset=&#8221;default&#8221; global_colors_info=&#8221;{}&#8221;][\/et_pb_image][\/et_pb_column][et_pb_column type=&#8221;1_3&#8243; _builder_version=&#8221;4.16&#8243; _module_preset=&#8221;default&#8221; global_colors_info=&#8221;{}&#8221;][et_pb_image src=&#8221;https:\/\/kamnosestvo-tavcar.com\/de\/wp-content\/uploads\/2021\/04\/HIS\u030cAKRASNA185.jpg&#8221; title_text=&#8221;HIS\u030cAKRASNA185&#8243; _builder_version=&#8221;4.16&#8243; _module_preset=&#8221;default&#8221; global_colors_info=&#8221;{}&#8221;][\/et_pb_image][\/et_pb_column][et_pb_column type=&#8221;1_3&#8243; _builder_version=&#8221;4.16&#8243; _module_preset=&#8221;default&#8221; global_colors_info=&#8221;{}&#8221;][et_pb_image src=&#8221;https:\/\/kamnosestvo-tavcar.com\/de\/wp-content\/uploads\/2021\/05\/HIS\u030cAKRASNA3-scaled.jpg&#8221; title_text=&#8221;HIS\u030cAKRASNA3&#8243; _builder_version=&#8221;4.16&#8243; _module_preset=&#8221;default&#8221; global_colors_info=&#8221;{}&#8221;][\/et_pb_image][\/et_pb_column][\/et_pb_row][\/et_pb_section][et_pb_section fb_built=&#8221;1&#8243; _builder_version=&#8221;4.16&#8243; _module_preset=&#8221;default&#8221; background_color=&#8221;#dbdee0&#8243; global_colors_info=&#8221;{}&#8221;][et_pb_row column_structure=&#8221;1_4,1_4,1_4,1_4&#8243; _builder_version=&#8221;4.16&#8243; _module_preset=&#8221;default&#8221; global_colors_info=&#8221;{}&#8221;][et_pb_column type=&#8221;1_4&#8243; _builder_version=&#8221;4.16&#8243; _module_preset=&#8221;default&#8221; global_colors_info=&#8221;{}&#8221;][et_pb_number_counter title=&#8221;Jahre Erfahrung&#8221; number=&#8221;35+&#8221; percent_sign=&#8221;off&#8221; _builder_version=&#8221;4.16&#8243; _module_preset=&#8221;default&#8221; title_font=&#8221;Roboto|300|||||||&#8221; number_text_color=&#8221;#000000&#8243; global_colors_info=&#8221;{}&#8221;][\/et_pb_number_counter][\/et_pb_column][et_pb_column type=&#8221;1_4&#8243; _builder_version=&#8221;4.16&#8243; _module_preset=&#8221;default&#8221; global_colors_info=&#8221;{}&#8221;][et_pb_number_counter title=&#8221;zufriedene Kunden&#8221; number=&#8221;200+&#8221; percent_sign=&#8221;off&#8221; _builder_version=&#8221;4.16&#8243; _module_preset=&#8221;default&#8221; title_font=&#8221;Roboto|300|||||||&#8221; number_text_color=&#8221;#000000&#8243; global_colors_info=&#8221;{}&#8221;][\/et_pb_number_counter][\/et_pb_column][et_pb_column type=&#8221;1_4&#8243; _builder_version=&#8221;4.16&#8243; _module_preset=&#8221;default&#8221; global_colors_info=&#8221;{}&#8221;][et_pb_number_counter title=&#8221;erfolgreiche Projekte&#8221; number=&#8221;175+&#8221; percent_sign=&#8221;off&#8221; _builder_version=&#8221;4.16&#8243; _module_preset=&#8221;default&#8221; title_font=&#8221;Roboto|300|||||||&#8221; number_text_color=&#8221;#000000&#8243; global_colors_info=&#8221;{}&#8221;][\/et_pb_number_counter][\/et_pb_column][et_pb_column type=&#8221;1_4&#8243; _builder_version=&#8221;4.16&#8243; _module_preset=&#8221;default&#8221; global_colors_info=&#8221;{}&#8221;][et_pb_number_counter title=&#8221;professionelle Mitarbeiter&#8221; number=&#8221;32+&#8221; percent_sign=&#8221;off&#8221; _builder_version=&#8221;4.16&#8243; _module_preset=&#8221;default&#8221; title_font=&#8221;Roboto|300|||||||&#8221; number_text_color=&#8221;#000000&#8243; global_colors_info=&#8221;{}&#8221;][\/et_pb_number_counter][\/et_pb_column][\/et_pb_row][\/et_pb_section]<\/p>\n","protected":false},"excerpt":{"rendered":"<p>Top-Produkte aus Naturstein nach Ma\u00df.Willkommen im Karst.Eine reiche und vielf\u00e4ltige Welt, die schon seit Jahrhunderten unerm\u00fcdlich von der Natur erschaffen wird und mit Hilfe des Grundwassers und der Bora ihre Einzigartigkeit erh\u00e4lt. Daher ist sie auch nirgendwo anders zu finden. Sie ist das Heim des robusten Karststeins, der grazi\u00f6sen und temperamentvollen Lipizzaner sowie der Steinmetzerei [&hellip;]<\/p>\n","protected":false},"author":1,"featured_media":0,"parent":0,"menu_order":0,"comment_status":"closed","ping_status":"closed","template":"","meta":{"_et_pb_use_builder":"on","_et_pb_old_content":"","_et_gb_content_width":"","footnotes":""},"class_list":["post-7","page","type-page","status-publish","hentry"],"_links":{"self":[{"href":"https:\/\/kamnosestvo-tavcar.com\/de\/wp-json\/wp\/v2\/pages\/7","targetHints":{"allow":["GET"]}}],"collection":[{"href":"https:\/\/kamnosestvo-tavcar.com\/de\/wp-json\/wp\/v2\/pages"}],"about":[{"href":"https:\/\/kamnosestvo-tavcar.com\/de\/wp-json\/wp\/v2\/types\/page"}],"author":[{"embeddable":true,"href":"https:\/\/kamnosestvo-tavcar.com\/de\/wp-json\/wp\/v2\/users\/1"}],"replies":[{"embeddable":true,"href":"https:\/\/kamnosestvo-tavcar.com\/de\/wp-json\/wp\/v2\/comments?post=7"}],"version-history":[{"count":41,"href":"https:\/\/kamnosestvo-tavcar.com\/de\/wp-json\/wp\/v2\/pages\/7\/revisions"}],"predecessor-version":[{"id":782,"href":"https:\/\/kamnosestvo-tavcar.com\/de\/wp-json\/wp\/v2\/pages\/7\/revisions\/782"}],"wp:attachment":[{"href":"https:\/\/kamnosestvo-tavcar.com\/de\/wp-json\/wp\/v2\/media?parent=7"}],"curies":[{"name":"wp","href":"https:\/\/api.w.org\/{rel}","templated":true}]}}